{"id":65,"date":"2022-05-05T14:31:38","date_gmt":"2022-05-05T12:31:38","guid":{"rendered":"https:\/\/www.bowlingbarpredmerice.cz\/index.php\/doktori\/"},"modified":"2026-04-15T08:59:00","modified_gmt":"2026-04-15T06:59:00","slug":"bowling","status":"publish","type":"page","link":"https:\/\/www.bowlingbarpredmerice.cz\/index.php\/bowling\/","title":{"rendered":"bowling"},"content":{"rendered":"\n    \n    <section class=\"u-clearfix u-image u-shading u-section-2\" id=\"sec-6d03\" data-image-width=\"2560\" data-image-height=\"1441\">\n      <div class=\"u-clearfix u-sheet u-valign-middle u-sheet-1\">\n        <h4 class=\"u-text u-text-default u-text-1\" data-animation-name=\"fadeIn\" data-animation-duration=\"2000\" data-animation-delay=\"0\">BOWLING<\/h4>\n      <\/div>\n    <\/section>\n    <section class=\"u-clearfix u-section-3\" id=\"sec-556f\">\n      <div class=\"u-clearfix u-sheet u-sheet-1\">\n        <div class=\"u-clearfix u-expanded-width u-layout-wrap u-layout-wrap-1\">\n          <div class=\"u-layout\">\n            <div class=\"u-layout-row\">\n              <div class=\"u-align-left u-container-style u-layout-cell u-size-30 u-layout-cell-1\">\n                <div class=\"u-container-layout u-container-layout-1\">\n                  <p class=\"u-text u-text-default u-text-1\"><b>\n                      <font class=\"u-text-custom-color-8\">Bowling Bar P\u0159edm\u011b\u0159ice nad Labem<\/font><\/b> V\u00e1m nab\u00edz\u00ed p\u0159\u00edjemn\u00e9 posezen\u00ed v klidn\u00e9m, neku\u0159\u00e1ck\u00e9m prost\u0159ed\u00ed vhodn\u00e9 pro <b>\n                      <font class=\"u-text-custom-color-8\">odreagov\u00e1n\u00ed<\/font><\/b> a aktivn\u00ed <b>\n                      <font class=\"u-text-custom-color-8\">odpo\u010dinek<\/font><\/b>. K dvou drah\u00e1m bowlingu V\u00e1m m\u016f\u017eeme nab\u00eddnout n\u011bco k zakousnut\u00ed z na\u0161eho <b>\n                      <font class=\"u-text-custom-color-8\">\n                        <a href=\"https:\/\/www.bowlingbarpredmerice.cz\/index.php\/menu\/\" class=\"u-active-none u-border-none u-btn u-button-link u-button-style u-hover-none u-none u-text-custom-color-8 u-btn-1\">j\u00eddeln\u00edho l\u00edstku<\/a>\n                      <\/font><\/b> nebo si m\u016f\u017eete jen objednat z nab\u00eddky n\u00e1poj\u016f na\u0161eho baru. Napl\u00e1nujte si u n\u00e1s<b>\n                      <font class=\"u-text-custom-color-8\"> Va\u0161e spole\u010densk\u00e9 akce<\/font><\/b>, zajist\u00edme V\u00e1m kompletn\u00ed <font class=\"u-text-black\" style=\"\">catering<\/font> a na\u0161e <b>\n                      <font class=\"u-text-custom-color-8\">profesion\u00e1ln\u00ed<\/font><\/b> obsluha se postar\u00e1 o bezstarostn\u00fd pr\u016fb\u011bh.\n                  <\/p>\n                <\/div>\n              <\/div>\n              <div class=\"u-container-style u-layout-cell u-size-30 u-layout-cell-2\">\n                <div class=\"u-container-layout u-valign-top u-container-layout-2\">\n                  <h4 class=\"u-align-center u-text u-text-default u-text-2\" data-animation-name=\"fadeIn\" data-animation-duration=\"2000\" data-animation-delay=\"0\">CEN\u00cdK<\/h4>\n                  <div class=\"u-expanded-width u-table u-table-responsive u-table-1\">\n                    <table class=\"u-table-entity\">\n                      <colgroup>\n                        <col width=\"28.8%\">\n                        <col width=\"21.2%\">\n                        <col width=\"28.6%\">\n                        <col width=\"21.4%\">\n                      <\/colgroup>\n                      <tbody class=\"u-custom-font u-font-roboto u-table-body\">\n                        <tr style=\"height: 26px;\">\n                          <td class=\"u-align-center u-custom-color-8 u-custom-font u-font-roboto u-table-cell u-table-cell-1\">\u00dat- \u010ct - Do 18:00<\/td>\n                          <td class=\"u-custom-font u-font-roboto u-table-cell u-table-cell-2\">\n                            <font class=\"u-text-custom-color-8\">250<\/font>\n                            <span style=\"font-weight: normal;\">,- K\u010d\/hod<\/span>\n                          <\/td>\n                          <td class=\"u-align-center u-custom-color-8 u-table-cell u-table-cell-3\">Od 18:00<\/td>\n                          <td class=\"u-table-cell u-text-custom-color-8 u-table-cell-4\"><b>300<\/b>\n                            <span style=\"font-weight: normal;\">\n                              <font class=\"u-text-black\">,- K\u010d\/hod<\/font>\n                            <\/span>\n                          <\/td>\n                        <\/tr>\n                        <tr style=\"height: 44px;\">\n                          <td class=\"u-align-center u-custom-color-8 u-custom-font u-font-roboto u-table-cell u-table-cell-5\">P\u00e1- Ne - Do 18:00<\/td>\n                          <td class=\"u-custom-font u-font-roboto u-table-cell u-table-cell-6\">\n                            <font class=\"u-text-custom-color-8\">300<\/font>\n                            <span style=\"font-weight: normal;\">,- K\u010d\/hod<\/span>\n                          <\/td>\n                          <td class=\"u-align-center u-custom-color-8 u-table-cell u-table-cell-7\">Od 18:00<\/td>\n                          <td class=\"u-custom-font u-font-roboto u-table-cell u-table-cell-8\">\n                            <font class=\"u-text-custom-color-8\">350<\/font>\n                            <span style=\"font-weight: normal;\">,- K\u010d\/hod<\/span>\n                          <\/td>\n                        <\/tr>\n                      <\/tbody>\n                    <\/table>\n                  <\/div>\n                  <a href=\"https:\/\/www.bowlingbarpredmerice.cz\/index.php\/objednani\/\" class=\"u-border-0 u-btn u-btn-round u-button-style u-custom-color-10 u-hover-custom-color-9 u-radius-10 u-btn-2\" data-animation-name=\"fadeIn\" data-animation-duration=\"2000\" data-animation-delay=\"0\" data-animation-direction=\"\">rezervace<\/a>\n                <\/div>\n              <\/div>\n            <\/div>\n          <\/div>\n        <\/div>\n      <\/div>\n    <\/section>\n    <section class=\"u-clearfix u-section-4\" id=\"sec-c934\">\n      <div class=\"u-clearfix u-sheet u-sheet-1\"><\/div>\n    <\/section>\n    <section class=\"u-clearfix u-section-5\" id=\"sec-bda6\">\n      <div class=\"u-clearfix u-sheet u-sheet-1\"><\/div>\n    <\/section>\n    \n    \n    \n  \n","protected":false},"excerpt":{"rendered":"<p>BOWLING Bowling Bar P\u0159edm\u011b\u0159ice nad Labem V\u00e1m nab\u00edz\u00ed p\u0159\u00edjemn\u00e9 posezen\u00ed v klidn\u00e9m, neku\u0159\u00e1ck\u00e9m prost\u0159ed\u00ed vhodn\u00e9 pro odreagov\u00e1n\u00ed a aktivn\u00ed odpo\u010dinek. K dvou drah\u00e1m bowlingu V\u00e1m m\u016f\u017eeme nab\u00eddnout n\u011bco k zakousnut\u00ed z na\u0161eho j\u00eddeln\u00edho l\u00edstku nebo si m\u016f\u017eete jen objednat z nab\u00eddky n\u00e1poj\u016f na\u0161eho baru. Napl\u00e1nujte si u n\u00e1s Va\u0161e spole\u010densk\u00e9 akce, zajist\u00edme V\u00e1m kompletn\u00ed catering &hellip; <a href=\"https:\/\/www.bowlingbarpredmerice.cz\/index.php\/bowling\/\" class=\"more-link\">Continue reading<span class=\"screen-reader-text\"> &#8222;bowling&#8220;<\/span><\/a><\/p>\n","protected":false},"author":1,"featured_media":0,"parent":0,"menu_order":5,"comment_status":"closed","ping_status":"closed","template":"","meta":{"footnotes":""},"class_list":["post-65","page","type-page","status-publish","hentry"],"_links":{"self":[{"href":"https:\/\/www.bowlingbarpredmerice.cz\/index.php\/wp-json\/wp\/v2\/pages\/65","targetHints":{"allow":["GET"]}}],"collection":[{"href":"https:\/\/www.bowlingbarpredmerice.cz\/index.php\/wp-json\/wp\/v2\/pages"}],"about":[{"href":"https:\/\/www.bowlingbarpredmerice.cz\/index.php\/wp-json\/wp\/v2\/types\/page"}],"author":[{"embeddable":true,"href":"https:\/\/www.bowlingbarpredmerice.cz\/index.php\/wp-json\/wp\/v2\/users\/1"}],"replies":[{"embeddable":true,"href":"https:\/\/www.bowlingbarpredmerice.cz\/index.php\/wp-json\/wp\/v2\/comments?post=65"}],"version-history":[{"count":12,"href":"https:\/\/www.bowlingbarpredmerice.cz\/index.php\/wp-json\/wp\/v2\/pages\/65\/revisions"}],"predecessor-version":[{"id":290,"href":"https:\/\/www.bowlingbarpredmerice.cz\/index.php\/wp-json\/wp\/v2\/pages\/65\/revisions\/290"}],"wp:attachment":[{"href":"https:\/\/www.bowlingbarpredmerice.cz\/index.php\/wp-json\/wp\/v2\/media?parent=65"}],"curies":[{"name":"wp","href":"https:\/\/api.w.org\/{rel}","templated":true}]}}