{"id":13,"date":"2022-05-05T09:10:04","date_gmt":"2022-05-05T07:10:04","guid":{"rendered":"https:\/\/www.bowlingbarpredmerice.cz\/?page_id=13"},"modified":"2026-05-11T15:12:31","modified_gmt":"2026-05-11T13:12:31","slug":"bowlingbarpredmerice","status":"publish","type":"page","link":"https:\/\/www.bowlingbarpredmerice.cz\/","title":{"rendered":"bowlingbarpredmerice"},"content":{"rendered":"\n    \n    <section class=\"u-carousel u-carousel-duration-1000 u-slide u-valign-middle u-block-df2c-1\" id=\"carousel-98b5\" data-interval=\"5000\" data-u-ride=\"carousel\" style=\"background-image: linear-gradient(0deg, rgba(0, 0, 0, 0.4), rgba(0, 0, 0, 0.4)), url(&quot;data:image\/svg+xml;base64,PHN2ZyB2ZXJzaW9uPSIxLjEiIGlkPSJkZWZhdWx0LWltYWdlLXNvbGlkIiB4bWxucz0iaHR0cDovL3d3dy53My5vcmcvMjAwMC9zdmciIHg9IjBweCIgeT0iMHB4IiB2aWV3Qm94PSIwIDAgNDAwIDI2NSIgc3R5bGU9IndpZHRoOiA0MDBweDsgaGVpZ2h0OiAyNjVweDsiPg0KPHJlY3QgZmlsbD0iI0M2RDhFMSIgd2lkdGg9IjQwMCIgaGVpZ2h0PSIyNjUiLz4NCjxwYXRoIGZpbGw9IiNEOUUzRTgiIGQ9Ik0zOTUuMyw5Ni4yYy01LTAuOC02LjEsMS4xLTguNSwyLjljLTEtMi4zLTIuNi02LjItNy43LTVjMS41LTUuMy0yLjYtOC40LTcuNy04LjRjLTAuNiwwLTEuMiwwLjEtMS44LDAuMg0KCWMtMS44LTQuMS02LTYuOS0xMC43LTYuOWMtNi41LDAtMTEuOCw1LjMtMTEuOCwxMS44YzAsMC40LDAsMC45LDAuMSwxLjNjLTEuMi0wLjgtMi41LTEuMy0zLjktMS4zYy00LjMsMC03LjksNC4yLTcuOSw5LjQNCgljMCwxLjIsMC4yLDIuNCwwLjYsMy41Yy0wLjUtMC4xLTEtMC4xLTEuNi0wLjFjLTYuOSwwLTEyLjUsNS41LTEyLjcsMTIuNGMtMC45LTAuMi0xLjktMC40LTIuOS0wLjRjLTYuNCwwLTExLjcsNS4yLTEyLjUsMTEuOA0KCWMtMS4yLTAuNC0yLjUtMC42LTMuOS0wLjZjLTUuOSwwLTEwLjgsMy44LTEyLjEsOC45Yy0yLjQtMi01LjUtMy4yLTguOS0zLjJjLTYsMC0xMS4xLDMuNy0xMi44LDguOGMtMS41LTEuNC0zLjgtMi4zLTYuMy0yLjMNCgljLTIuMSwwLTQuMSwwLjYtNS41LDEuN2gtMC4xYy0xLjMtNS41LTYuMi05LjUtMTIuMS05LjVjLTIuNCwwLTQuNywwLjctNi42LDEuOWMtMS40LTAuNy0zLTEuMi00LjgtMS4yYy0wLjMsMC0wLjUsMC0wLjgsMA0KCWMtMS41LTQuMS01LjItNy05LjUtN2MtMy4xLDAtNS45LDEuNS03LjgsMy45Yy0yLjItNC44LTYuOC04LjItMTIuMi04LjJjLTUuNiwwLTEwLjUsMy43LTEyLjUsOC44Yy0yLjEtMC45LTQuNC0xLjUtNi45LTEuNQ0KCWMtNi44LDAtMTIuNSwzLjktMTQuNSw5LjNjLTAuMiwwLTAuNSwwLTAuNywwYy01LjIsMC05LjYsMy4yLTExLjQsNy44Yy0yLjctMi44LTctNC41LTExLjgtNC41Yy0zLjMsMC02LjQsMC45LTguOSwyLjMNCgljLTIuMS02LjUtOC0xMi4yLTE4LjEtOS45Yy0yLjctMi4zLTYuMy0zLjctMTAuMS0zLjdjLTIuNSwwLTQuOCwwLjYtNi45LDEuNmMtMi4yLTUuOS03LjktMTAuMS0xNC42LTEwLjFjLTguNiwwLTE1LjYsNy0xNS42LDE1LjYNCgljMCwwLjksMC4xLDEuNywwLjIsMi41Yy0yLjYtNS03LjgtOC40LTEzLjgtOC40Yy04LjMsMC0xNS4xLDYuNS0xNS42LDE0LjZjLTIuOS0zLjItNy01LjMtMTEuNy01LjNjLTcuNCwwLTEzLjUsNS4xLTE1LjIsMTINCgljLTIuOS0zLjUtOS44LTYtMTQuNy02djExOS4yaDQwMFYxMDJDNDAwLDEwMiw0MDAsOTcsMzk1LjMsOTYuMnoiLz4NCjxwYXRoIGZpbGw9IiM4RUE4QkIiIGQ9Ik00MDAsMjA2LjJjMCwwLTI1LjMtMTkuMi0zMy42LTI1LjdjLTEzLjQtMTAuNi0yMy4xLTEyLjktMzEuNy03cy0yMy45LDE5LjctMjMuOSwxOS43cy01OC45LTYzLjktNjEuNS02Ni40DQoJYy0xLjUtMS40LTMuNi0xLjctNS41LTAuOWMtNS4yLDIuNC0xNy42LDkuNy0yNC41LDEyLjdjLTYuOSwyLjktNDEtNTAuNy00OS42LTUzcy04NC4zLDgzLjMtMTAxLjQsNzUuMXMtMjYuOS0yLjMtMzUuNCwzLjUNCgljLTguNiw1LjktMTEsNS45LTE1LjksOC4ycy0xNy4xLTUuOS0xNy4xLTUuOVYyNjVjMCwwLDQwMCwwLjIsNDAwLDB2LTU4LjhINDAweiIvPg0KPHBhdGggZmlsbD0iIzdFOTZBNiIgZD0iTTMzMy40LDE3OWMtMTMuMS05LjMtNDAsNC42LTU1LjEsMTAuN2MtMjMuNiw5LjYtOTQtNTQuNC0xMDcuMi01OS43YzAsMC00LjIsMy43LTkuNiw3LjYNCgljLTMuNS0wLjQtOC40LTUuNy05LjktNC43Yy00LjYsMy4xLTE3LjgsMTUuNC0yOC4zLDI2LjZjLTEwLjUsMTEuMy0xMS43LDAtMTUuOC0wLjZjLTIuNS0wLjQtNTQuMSw0Mi41LTU4LjcsNDMuMQ0KCUMyMi4zLDIwNS4zLDAsMTk3LjUsMCwxOTcuNVYyNjVsNDAwLTAuMXYtNTMuM0M0MDAsMjExLjYsMzQ0LjgsMTg3LjEsMzMzLjQsMTc5eiIvPg0KPHBhdGggZmlsbD0iIzc4OEY5RSIgZD0iTTAsMjY0Ljl2LTU4LjZjMCwwLDguMiwxLjgsMTEuMyw1LjNjMy4xLDMuNiwyNi4xLTQuMiwyNi4xLDQuN3MwLjUsNC4yLDAuNSwxNC44YzAsMTAuNywyMy00LjIsMzguMS0xOC40DQoJczM0LjktNDkuMiwzNi0zNWMxLDE0LjItMTUuMSwzOS4yLTI0LDU2LjRDNzkuMSwyNTEuNCw1MS43LDI2NSw1MS43LDI2NUwwLDI2NC45eiIvPg0KPHBhdGggZmlsbD0iIzc4OEY5RSIgZD0iTTEwMCwyNjVjMCwwLDY2LjctMTI1LjEsNjguMy0xMTYuOHMtNi44LDI5LjcsMi4xLDI2LjFjOC45LTMuNiwxNC42LTE2LDE4LjgtOS41czE2LjIsMzguNiwyMS45LDMzLjgNCgljNS43LTQuNywyMS40LTEzLjEsMjIuNC02LjVjMSw2LjUtMSw1LjMtNS43LDIwLjJDMjIzLjEsMjI3LjEsMjAwLDI2NSwyMDAsMjY1aC0xMGMwLDAsNi0yNC44LDguNi0zNC45YzIuNi0xMC4xLTMuNy0xOS0xMi04LjMNCglzLTIzLDIyLTI0LDE3LjhzLTUuNy0zMC4zLTE4LjgtMTQuMmMtMTMsMTYtMzMuOCwzOS43LTMzLjgsMzkuN2gtMTBWMjY1eiIvPg0KPHBhdGggZmlsbD0iIzc4OEY5RSIgZD0iTTI0NSwyNjVjMCwwLDE5LjgtNTQuNywzMy40LTY0LjJzNTMuNy0yNy45LDQ2LjktMTMuNmMtNi44LDE0LjItMTEsMzQuNC0yMC4zLDQ5LjgNCgljLTkuNCwxNS40LTE4LjgsMjYuMS0xNC4xLDEzLjZjNC43LTEyLjUsNi40LTIzLjMsMy43LTIzLjFDMjcxLjMsMjI5LjEsMjYwLDI2NSwyNjAsMjY1SDI0NXoiLz4NCjwvc3ZnPg0K&quot;);\">\n      <ol class=\"u-absolute-hcenter u-carousel-indicators u-block-df2c-2\">\n        <li data-u-target=\"#carousel-98b5\" class=\"u-active u-grey-30\" data-u-slide-to=\"0\"><\/li>\n        <li data-u-target=\"#carousel-98b5\" class=\"u-grey-30\" data-u-slide-to=\"1\"><\/li>\n        <li data-u-target=\"#carousel-98b5\" class=\"u-grey-30\" data-u-slide-to=\"2\"><\/li>\n      <\/ol>\n      <div class=\"u-carousel-inner\" role=\"listbox\">\n        <div class=\"u-active u-align-left u-carousel-item u-clearfix u-image u-shading u-section-2-1\" src=\"\" data-image-width=\"2560\" data-image-height=\"1510\" style=\"background-image: linear-gradient(0deg, rgba(41, 45, 51, 0.6), rgba(41, 45, 51, 0.6)), url(&quot;https:\/\/www.bowlingbarpredmerice.cz\/wp-content\/uploads\/2022\/05\/DSC00824-01-scaled.jpeg&quot;);\">\n          <div class=\"u-clearfix u-sheet u-valign-middle-xs u-sheet-1\">\n            <div class=\"u-clearfix u-expanded-width u-layout-wrap u-layout-wrap-1\">\n              <div class=\"u-layout\">\n                <div class=\"u-layout-row\">\n                  <div class=\"u-container-style u-layout-cell u-size-60 u-layout-cell-1\">\n                    <div class=\"u-container-layout u-valign-middle-sm u-valign-top-md u-valign-top-xs u-container-layout-1\">\n                      <img decoding=\"async\" src=\"https:\/\/www.bowlingbarpredmerice.cz\/wp-content\/uploads\/2022\/05\/zyro-image.png\" alt=\"\" class=\"u-image u-image-default u-image-1\" data-image-width=\"492\" data-image-height=\"492\" data-animation-name=\"fadeIn\" data-animation-duration=\"3000\" data-animation-delay=\"0\" data-animation-direction=\"\">\n                      <h4 class=\"u-text u-text-default u-text-1\" data-animation-name=\"fadeIn\" data-animation-duration=\"2000\" data-animation-delay=\"0\" data-animation-direction=\"\">BOWLING BAR<\/h4>\n                      <h4 class=\"u-text u-text-default u-text-2\" data-animation-name=\"fadeIn\" data-animation-duration=\"2000\" data-animation-delay=\"500\" data-animation-direction=\"\">P\u0158EDM\u011aRICE NAD LABEM<\/h4>\n                    <\/div>\n                  <\/div>\n                <\/div>\n              <\/div>\n            <\/div>\n          <\/div>\n        <\/div>\n        <div class=\"u-align-center u-carousel-item u-clearfix u-image u-shading u-section-2-2\" src=\"\" data-image-width=\"2560\" data-image-height=\"1707\" style=\"background-image: linear-gradient(0deg, rgba(41, 45, 51, 0.6), rgba(41, 45, 51, 0.6)), url(&quot;https:\/\/www.bowlingbarpredmerice.cz\/wp-content\/uploads\/2022\/05\/DSC00797-01-scaled.jpeg&quot;);\">\n          <div class=\"u-clearfix u-sheet u-sheet-1\">\n            <h1 class=\"u-text u-text-default u-title u-text-1\" data-animation-name=\"fadeIn\" data-animation-duration=\"2000\" data-animation-delay=\"0\">FIREMN\u00cd VE\u010c\u00cdREK ?<\/h1>\n            <h4 class=\"u-text u-text-2\" data-animation-name=\"fadeIn\" data-animation-duration=\"2000\" data-animation-delay=\"1000\">NEBO BOWLING S P\u0158\u00c1TELY ?<\/h4>\n            <a href=\"https:\/\/www.bowlingbarpredmerice.cz\/index.php\/objednani\/\" class=\"u-btn u-btn-round u-button-style u-custom-color-8 u-hover-custom-color-9 u-radius-10 u-btn-1\" data-animation-name=\"fadeIn\" data-animation-duration=\"2000\" data-animation-delay=\"0\" data-animation-direction=\"\">REZERVACE<\/a>\n          <\/div>\n        <\/div>\n        <div class=\"u-align-left u-carousel-item u-clearfix u-image u-shading u-section-2-3\" src=\"\" data-image-width=\"2560\" data-image-height=\"1784\" style=\"background-image: linear-gradient(0deg, rgba(41, 45, 51, 0.6), rgba(41, 45, 51, 0.6)), url(&quot;https:\/\/www.bowlingbarpredmerice.cz\/wp-content\/uploads\/2022\/05\/DSC00773-01-scaled.jpeg&quot;);\">\n          <div class=\"u-clearfix u-sheet u-valign-middle-lg u-sheet-1\">\n            <div class=\"u-social-icons u-social-icons-1\" data-animation-name=\"fadeIn\" data-animation-duration=\"2000\" data-animation-delay=\"0\" data-animation-direction=\"\">\n              <a class=\"u-social-url\" target=\"_blank\" href=\"https:\/\/l.facebook.com\/l.php?u=https%3A%2F%2Finstagram.com%2Fbowlingbar.predmerice%3Figshid%3DYmMyMTA2M2Y%253D%26fbclid%3DIwAR2_xRwPdPkxX0p7aHGvz5TfVdSx416zDsadhKaIqhkUCoa7te34Tm9lKAA&amp;h=AT185wFTaI0FqgoU-PIT40J2EZbJ8huTrVnAvRphfPrvAtEKzt4U4dVo_NR6ul0bHlpIsQWEdz6H73vNabRS-O2sBCewA6OQtHS3SiG0Or05xCVTXwt5JKm-609DuJokNyMRvA\"><span class=\"u-icon u-icon-circle u-social-icon u-social-instagram u-icon-1\"><svg class=\"u-svg-link\" preserveAspectRatio=\"xMidYMin slice\" viewBox=\"0 0 112 112\" style=\"\"><use xlink:href=\"#svg-26d8\"><\/use><\/svg><svg xmlns=\"http:\/\/www.w3.org\/2000\/svg\" xmlns:xlink=\"http:\/\/www.w3.org\/1999\/xlink\" version=\"1.1\" xml:space=\"preserve\" class=\"u-svg-content\" viewBox=\"0 0 112 112\" x=\"0px\" y=\"0px\" id=\"svg-26d8\"><path d=\"M55.9,32.9c-12.8,0-23.2,10.4-23.2,23.2s10.4,23.2,23.2,23.2s23.2-10.4,23.2-23.2S68.7,32.9,55.9,32.9z M55.9,69.4c-7.4,0-13.3-6-13.3-13.3c-0.1-7.4,6-13.3,13.3-13.3s13.3,6,13.3,13.3C69.3,63.5,63.3,69.4,55.9,69.4z\"><\/path><path d=\"M79.7,26.8c-3,0-5.4,2.5-5.4,5.4s2.5,5.4,5.4,5.4c3,0,5.4-2.5,5.4-5.4S82.7,26.8,79.7,26.8z\"><\/path><path d=\"M78.2,11H33.5C21,11,10.8,21.3,10.8,33.7v44.7c0,12.6,10.2,22.8,22.7,22.8h44.7c12.6,0,22.7-10.2,22.7-22.7 V33.7C100.8,21.1,90.6,11,78.2,11z M91,78.4c0,7.1-5.8,12.8-12.8,12.8H33.5c-7.1,0-12.8-5.8-12.8-12.8V33.7 c0-7.1,5.8-12.8,12.8-12.8h44.7c7.1,0,12.8,5.8,12.8,12.8V78.4z\"><\/path><\/svg><\/span>\n              <\/a>\n            <\/div>\n            <h2 class=\"u-text u-text-default u-text-1\" data-animation-name=\"fadeIn\" data-animation-duration=\"2000\" data-animation-delay=\"500\">SLEDUJ N\u00c1\u0160 INSTAGRAM<\/h2>\n            <a href=\"https:\/\/l.facebook.com\/l.php?u=https%3A%2F%2Finstagram.com%2Fbowlingbar.predmerice%3Figshid%3DYmMyMTA2M2Y%253D%26fbclid%3DIwAR2_xRwPdPkxX0p7aHGvz5TfVdSx416zDsadhKaIqhkUCoa7te34Tm9lKAA&amp;h=AT185wFTaI0FqgoU-PIT40J2EZbJ8huTrVnAvRphfPrvAtEKzt4U4dVo_NR6ul0bHlpIsQWEdz6H73vNabRS-O2sBCewA6OQtHS3SiG0Or05xCVTXwt5JKm-609DuJokNyMRvA\" class=\"u-border-0 u-btn u-btn-round u-button-style u-custom-color-8 u-hover-custom-color-9 u-radius-10 u-btn-1\" data-animation-name=\"fadeIn\" data-animation-duration=\"2000\" data-animation-delay=\"0\" data-animation-direction=\"\">SLEDOVAT<\/a>\n          <\/div>\n        <\/div>\n      <\/div>\n      <a class=\"u-absolute-vcenter u-carousel-control u-carousel-control-prev u-text-grey-30 u-block-df2c-3\" href=\"#carousel-98b5\" role=\"button\" data-u-slide=\"prev\"><span aria-hidden=\"true\">\n          <svg viewBox=\"0 0 477.175 477.175\"><path d=\"M145.188,238.575l215.5-215.5c5.3-5.3,5.3-13.8,0-19.1s-13.8-5.3-19.1,0l-225.1,225.1c-5.3,5.3-5.3,13.8,0,19.1l225.1,225\n                    c2.6,2.6,6.1,4,9.5,4s6.9-1.3,9.5-4c5.3-5.3,5.3-13.8,0-19.1L145.188,238.575z\"><\/path><\/svg><\/span><span class=\"sr-only\">Previous<\/span>\n      <\/a>\n      <a class=\"u-absolute-vcenter u-carousel-control u-carousel-control-next u-text-grey-30 u-block-df2c-4\" href=\"#carousel-98b5\" role=\"button\" data-u-slide=\"next\"><span aria-hidden=\"true\">\n          <svg viewBox=\"0 0 477.175 477.175\"><path d=\"M360.731,229.075l-225.1-225.1c-5.3-5.3-13.8-5.3-19.1,0s-5.3,13.8,0,19.1l215.5,215.5l-215.5,215.5\n                    c-5.3,5.3-5.3,13.8,0,19.1c2.6,2.6,6.1,4,9.5,4c3.4,0,6.9-1.3,9.5-4l225.1-225.1C365.931,242.875,365.931,234.275,360.731,229.075z\"><\/path><\/svg><\/span><span class=\"sr-only\">Next<\/span>\n      <\/a>\n    <\/section>\n    <section class=\"u-clearfix u-section-3\" id=\"sec-6728\">\n      <div class=\"u-clearfix u-sheet u-valign-middle u-sheet-1\">\n        <div class=\"data-layout-selected u-clearfix u-expanded-width u-layout-wrap u-layout-wrap-1\">\n          <div class=\"u-layout\">\n            <div class=\"u-layout-row\">\n              <div class=\"u-container-style u-layout-cell u-size-36 u-layout-cell-1\">\n                <div class=\"u-container-layout u-container-layout-1\">\n                  <p class=\"u-text u-text-default u-text-1\">od <b>4.5<\/b>. do <b>10.5.2026&nbsp;<font class=\"u-text-custom-color-10\">Zav\u0159eno<\/font>\n                      <br><\/b>od <b>28.6<\/b>. do <b>12.7.2026<\/b>&nbsp;<b>\n                      <font class=\"u-text-custom-color-10\">Zav\u0159eno<\/font>\n                      <font class=\"u-text-custom-color-8\">\n                        <br>\n                      <\/font><\/b>\n                    <br>N\u00e1\u0161 podnik, kter\u00fd je sou\u010d\u00e1st\u00ed v\u00edce\u00fa\u010delov\u00e9 sportovn\u00ed haly, se nach\u00e1z\u00ed v obci<b>\n                      <font class=\"u-text-custom-color-8\"> P\u0159edm\u011b\u0159ice nad Labem<\/font><\/b> vzd\u00e1len\u00e9 asi <b>\n                      <font class=\"u-text-custom-color-8\">5 km<\/font><\/b> od <b>\n                      <font class=\"u-text-custom-color-8\">Hradce Kr\u00e1lov\u00e9<\/font><\/b>. Bar i cel\u00e1 budova haly jsou pln\u011b neku\u0159\u00e1ck\u00e9. Pro p\u0159\u00edznivce<b>\n                      <font class=\"u-text-custom-color-8\"> bowlingu<\/font><\/b> jsou p\u0159ipraveny dv\u011b dr\u00e1hy s prov\u00e1zkov\u00fdmi stav\u011b\u010di. Nab\u00edz\u00edme tak\u00e9 mo\u017enost rezervovat si cel\u00fd podnik, nap\u0159\u00edklad pro<b>\n                      <font class=\"u-text-custom-color-8\"> oslavu<\/font><\/b> narozenin \u010di <b>\n                      <font class=\"u-text-custom-color-8\">firemn\u00ed ve\u010d\u00edrek<\/font><\/b>.<br>\n                    <br>T\u011b\u0161\u00edme se na Va\u0161\u00ed n\u00e1v\u0161t\u011bvu.\n                  <\/p>\n                  <a href=\"https:\/\/www.bowlingbarpredmerice.cz\/index.php\/galerie\/\" class=\"u-border-0 u-btn u-btn-round u-button-style u-custom-color-10 u-hover-custom-color-9 u-radius-10 u-btn-1\" data-animation-name=\"fadeIn\" data-animation-duration=\"2000\" data-animation-delay=\"0\" data-animation-direction=\"\">galerie<\/a>\n                <\/div>\n              <\/div>\n              <div class=\"u-container-style u-layout-cell u-size-24 u-layout-cell-2\">\n                <div class=\"u-container-layout u-container-layout-2\">\n                  <div class=\"u-expanded u-grey-light-2 u-map u-map-1\">\n                    <div class=\"embed-responsive\">\n                      <iframe class=\"embed-responsive-item\" src=\"\/\/maps.google.com\/maps?output=embed&amp;q=%C5%A0kolsk%C3%A1%20477%2C%20P%C5%99edm%C4%9B%C5%99ice%20nad%20Labem%0A%C2%A8&amp;z=15&amp;t=m\" data-map=\"JTdCJTIyYWRkcmVzcyUyMiUzQSUyMiVDNSVBMGtvbHNrJUMzJUExJTIwNDc3JTJDJTIwUCVDNSU5OWVkbSVDNCU5QiVDNSU5OWljZSUyMG5hZCUyMExhYmVtJTVDbiVDMiVBOCUyMiUyQyUyMnpvb20lMjIlM0ExNSUyQyUyMnR5cGVJZCUyMiUzQSUyMnJvYWQlMjIlMkMlMjJsYW5nJTIyJTNBJTIyJTIyJTdE\"><\/iframe>\n                    <\/div>\n                  <\/div>\n                <\/div>\n              <\/div>\n            <\/div>\n          <\/div>\n        <\/div>\n      <\/div>\n    <\/section>\n    <section class=\"u-clearfix u-section-4\" id=\"sec-1867\">\n      <div class=\"u-clearfix u-sheet u-sheet-1\">\n        <div class=\"u-clearfix u-expanded-width u-gutter-0 u-layout-wrap u-layout-wrap-1\">\n          <div class=\"u-layout\">\n            <div class=\"u-layout-row\">\n              <div class=\"u-container-style u-image u-layout-cell u-shading u-size-60 u-image-1\" data-image-width=\"8147\" data-image-height=\"4881\" style=\"background-image: linear-gradient(0deg, rgba(85, 92, 102, 0.5), rgba(85, 92, 102, 0.5)), url(&quot;https:\/\/www.bowlingbarpredmerice.cz\/wp-content\/uploads\/2022\/05\/DSC00810-01-01.jpeg&quot;);\">\n                <div class=\"u-container-layout u-valign-top-sm u-valign-top-xs u-container-layout-1\">\n                  <h4 class=\"u-text u-text-1\" data-animation-name=\"fadeIn\" data-animation-duration=\"2000\" data-animation-delay=\"0\" data-animation-direction=\"\">OTEV\u00cdRAC\u00cd DOBA<\/h4>\n                  <a href=\"https:\/\/www.bowlingbarpredmerice.cz\/index.php\/menu\/\" class=\"u-border-0 u-btn u-btn-round u-button-style u-custom-color-8 u-hover-custom-color-9 u-radius-10 u-btn-1\" data-animation-name=\"fadeIn\" data-animation-duration=\"2000\" data-animation-delay=\"0\" data-animation-direction=\"\">menu<\/a>\n                  <a href=\"https:\/\/www.bowlingbarpredmerice.cz\/index.php\/objednani\/\" class=\"u-btn u-btn-round u-button-style u-custom-color-8 u-hover-custom-color-9 u-radius-10 u-btn-2\" data-animation-name=\"fadeIn\" data-animation-duration=\"2000\" data-animation-delay=\"0\" data-animation-direction=\"\">REZERVACE<\/a>\n                  <div class=\"u-table u-table-responsive u-table-1\">\n                    <table class=\"u-table-entity\">\n                      <colgroup>\n                        <col width=\"50%\">\n                        <col width=\"50%\">\n                      <\/colgroup>\n                      <tbody class=\"u-table-body\">\n                        <tr style=\"height: 26px;\">\n                          <td class=\"u-align-center u-custom-color-9 u-custom-font u-font-roboto u-table-cell u-table-cell-1\">POND\u011aL\u00cd<\/td>\n                          <td class=\"u-align-center u-custom-font u-font-roboto u-table-cell u-table-cell-2\">ZAV\u0158ENO<\/td>\n                        <\/tr>\n                        <tr style=\"height: 35px;\">\n                          <td class=\"u-align-center u-custom-color-9 u-custom-font u-font-roboto u-table-cell u-table-cell-3\">\u00daTER\u00dd - \u010cTVRTEK<\/td>\n                          <td class=\"u-align-center u-custom-font u-font-roboto u-table-cell u-table-cell-4\">15:00 - 22:30<\/td>\n                        <\/tr>\n                        <tr style=\"height: 25px;\">\n                          <td class=\"u-align-center u-custom-color-9 u-custom-font u-font-roboto u-table-cell u-table-cell-5\">P\u00c1TEK<\/td>\n                          <td class=\"u-align-center u-custom-font u-font-roboto u-table-cell u-table-cell-6\">15:00 - 24:00<\/td>\n                        <\/tr>\n                        <tr style=\"height: 30px;\">\n                          <td class=\"u-align-center u-custom-color-9 u-custom-font u-font-roboto u-table-cell u-table-cell-7\">SOBOTA<\/td>\n                          <td class=\"u-align-center u-custom-font u-font-roboto u-table-cell u-table-cell-8\">13:00 - 24:00<\/td>\n                        <\/tr>\n                        <tr style=\"height: 26px;\">\n                          <td class=\"u-align-center u-custom-color-9 u-custom-font u-font-roboto u-table-cell u-table-cell-9\">NED\u011aLE<\/td>\n                          <td class=\"u-align-center u-custom-font u-font-roboto u-table-cell u-table-cell-10\">13:00 - 21:00<\/td>\n                        <\/tr>\n                      <\/tbody>\n                    <\/table>\n                  <\/div>\n                <\/div>\n              <\/div>\n            <\/div>\n          <\/div>\n        <\/div>\n      <\/div>\n    <\/section>\n    <section class=\"u-clearfix u-section-5\" id=\"sec-af1a\">\n      <div class=\"u-clearfix u-sheet u-sheet-1\"><\/div>\n    <\/section>\n    \n    \n    \n    \n  \n","protected":false},"excerpt":{"rendered":"<p>BOWLING BAR P\u0158EDM\u011aRICE NAD LABEM FIREMN\u00cd VE\u010c\u00cdREK ? NEBO BOWLING S P\u0158\u00c1TELY ? REZERVACE SLEDUJ N\u00c1\u0160 INSTAGRAM SLEDOVAT Previous Next od 4.5. do 10.5.2026&nbsp;Zav\u0159eno od 28.6. do 12.7.2026&nbsp; Zav\u0159eno N\u00e1\u0161 podnik, kter\u00fd je sou\u010d\u00e1st\u00ed v\u00edce\u00fa\u010delov\u00e9 sportovn\u00ed haly, se nach\u00e1z\u00ed v obci P\u0159edm\u011b\u0159ice nad Labem vzd\u00e1len\u00e9 asi 5 km od Hradce Kr\u00e1lov\u00e9. Bar i cel\u00e1 budova &hellip; <a href=\"https:\/\/www.bowlingbarpredmerice.cz\/\" class=\"more-link\">Continue reading<span class=\"screen-reader-text\"> &#8222;bowlingbarpredmerice&#8220;<\/span><\/a><\/p>\n","protected":false},"author":1,"featured_media":0,"parent":0,"menu_order":0,"comment_status":"closed","ping_status":"closed","template":"","meta":{"footnotes":""},"class_list":["post-13","page","type-page","status-publish","hentry"],"_links":{"self":[{"href":"https:\/\/www.bowlingbarpredmerice.cz\/index.php\/wp-json\/wp\/v2\/pages\/13","targetHints":{"allow":["GET"]}}],"collection":[{"href":"https:\/\/www.bowlingbarpredmerice.cz\/index.php\/wp-json\/wp\/v2\/pages"}],"about":[{"href":"https:\/\/www.bowlingbarpredmerice.cz\/index.php\/wp-json\/wp\/v2\/types\/page"}],"author":[{"embeddable":true,"href":"https:\/\/www.bowlingbarpredmerice.cz\/index.php\/wp-json\/wp\/v2\/users\/1"}],"replies":[{"embeddable":true,"href":"https:\/\/www.bowlingbarpredmerice.cz\/index.php\/wp-json\/wp\/v2\/comments?post=13"}],"version-history":[{"count":27,"href":"https:\/\/www.bowlingbarpredmerice.cz\/index.php\/wp-json\/wp\/v2\/pages\/13\/revisions"}],"predecessor-version":[{"id":293,"href":"https:\/\/www.bowlingbarpredmerice.cz\/index.php\/wp-json\/wp\/v2\/pages\/13\/revisions\/293"}],"wp:attachment":[{"href":"https:\/\/www.bowlingbarpredmerice.cz\/index.php\/wp-json\/wp\/v2\/media?parent=13"}],"curies":[{"name":"wp","href":"https:\/\/api.w.org\/{rel}","templated":true}]}}